{"id":21220,"date":"2020-10-05T11:18:06","date_gmt":"2020-10-05T08:18:06","guid":{"rendered":"https:\/\/www.radiomarket.fi\/tuote\/ekua9298-tuntematon-etulevy-todennakoisesti-radiolahettimesta\/"},"modified":"2023-01-27T10:28:41","modified_gmt":"2023-01-27T08:28:41","slug":"ekua9298-tuntematon-etulevy-todennakoisesti-radiolahettimesta","status":"publish","type":"product","link":"https:\/\/www.radiomarket.fi\/en\/kohde\/ekua9298-tuntematon-etulevy-todennakoisesti-radiolahettimesta\/","title":{"rendered":"EKUA9298 Tuntematon Etulevy todenn\u00e4k\u00f6isesti radiol\u00e4hettimest\u00e4"},"content":{"rendered":"<p>Mustanv\u00e4rinen<\/p>","protected":false},"excerpt":{"rendered":"<p>Mustanv\u00e4rinen<\/p>","protected":false},"featured_media":11233,"template":"","meta":[],"_links":{"self":[{"href":"https:\/\/www.radiomarket.fi\/en\/wp-json\/wp\/v2\/product\/21220"}],"collection":[{"href":"https:\/\/www.radiomarket.fi\/en\/wp-json\/wp\/v2\/product"}],"about":[{"href":"https:\/\/www.radiomarket.fi\/en\/wp-json\/wp\/v2\/types\/product"}],"wp:featuredmedia":[{"embeddable":true,"href":"https:\/\/www.radiomarket.fi\/en\/wp-json\/wp\/v2\/media\/11233"}],"wp:attachment":[{"href":"https:\/\/www.radiomarket.fi\/en\/wp-json\/wp\/v2\/media?parent=21220"}],"curies":[{"name":"wp","href":"https:\/\/api.w.org\/{rel}","templated":true}]}}