{"id":21227,"date":"2020-10-05T11:18:09","date_gmt":"2020-10-05T08:18:09","guid":{"rendered":"https:\/\/www.radiomarket.fi\/tuote\/ekua9291-tuntematon-antenni-kaiutin-runkoliittimia\/"},"modified":"2022-12-14T15:44:49","modified_gmt":"2022-12-14T13:44:49","slug":"ekua9291-tuntematon-antenni-kaiutin-runkoliittimia","status":"publish","type":"product","link":"https:\/\/www.radiomarket.fi\/en\/kohde\/ekua9291-tuntematon-antenni-kaiutin-runkoliittimia\/","title":{"rendered":"EKUA9291 Tuntematon Antenni\/kaiutin runkoliittimi\u00e4"},"content":{"rendered":"<p>Hinta yhdelt\u00e4. Ilmoita tilatessasi mink\u00e4 haluat.<\/p>","protected":false},"excerpt":{"rendered":"<p>Hinta yhdelt\u00e4. Ilmoita tilatessasi mink\u00e4 haluat.<\/p>","protected":false},"featured_media":11226,"template":"","meta":[],"_links":{"self":[{"href":"https:\/\/www.radiomarket.fi\/en\/wp-json\/wp\/v2\/product\/21227"}],"collection":[{"href":"https:\/\/www.radiomarket.fi\/en\/wp-json\/wp\/v2\/product"}],"about":[{"href":"https:\/\/www.radiomarket.fi\/en\/wp-json\/wp\/v2\/types\/product"}],"wp:featuredmedia":[{"embeddable":true,"href":"https:\/\/www.radiomarket.fi\/en\/wp-json\/wp\/v2\/media\/11226"}],"wp:attachment":[{"href":"https:\/\/www.radiomarket.fi\/en\/wp-json\/wp\/v2\/media?parent=21227"}],"curies":[{"name":"wp","href":"https:\/\/api.w.org\/{rel}","templated":true}]}}