{"id":21250,"date":"2020-10-05T11:18:17","date_gmt":"2020-10-05T08:18:17","guid":{"rendered":"https:\/\/www.radiomarket.fi\/tuote\/ekua9236-national-panasonic-fm-am-multiplex-stereo-re-7670bsf\/"},"modified":"2023-02-07T15:05:33","modified_gmt":"2023-02-07T13:05:33","slug":"ekua9236-national-panasonic-fm-am-multiplex-stereo-re-7670bsf","status":"publish","type":"product","link":"https:\/\/www.radiomarket.fi\/en\/kohde\/ekua9236-national-panasonic-fm-am-multiplex-stereo-re-7670bsf\/","title":{"rendered":"EKUA9236 National Panasonic FM-AM Multiplex Stereo RE-7670BSF"},"content":{"rendered":"<p>Ruskeanpunaiset puukuoret, metallinen etupaneeli. Ulkoisesti hyv\u00e4kuntoinen. Suomessa Panasonicia myytiin 1970-luvulla tuotemerkeill\u00e4 National ja my\u00f6hemmin National Panasonic.<\/p>","protected":false},"excerpt":{"rendered":"<p>Ruskeanpunaiset puukuoret, metallinen etupaneeli. Ulkoisesti hyv\u00e4kuntoinen. Suomessa Panasonicia myytiin 1970-luvulla tuotemerkeill\u00e4 National ja my\u00f6hemmin National Panasonic.<\/p>","protected":false},"featured_media":11183,"template":"","meta":[],"_links":{"self":[{"href":"https:\/\/www.radiomarket.fi\/en\/wp-json\/wp\/v2\/product\/21250"}],"collection":[{"href":"https:\/\/www.radiomarket.fi\/en\/wp-json\/wp\/v2\/product"}],"about":[{"href":"https:\/\/www.radiomarket.fi\/en\/wp-json\/wp\/v2\/types\/product"}],"wp:featuredmedia":[{"embeddable":true,"href":"https:\/\/www.radiomarket.fi\/en\/wp-json\/wp\/v2\/media\/11183"}],"wp:attachment":[{"href":"https:\/\/www.radiomarket.fi\/en\/wp-json\/wp\/v2\/media?parent=21250"}],"curies":[{"name":"wp","href":"https:\/\/api.w.org\/{rel}","templated":true}]}}