{"id":21259,"date":"2024-05-25T11:18:21","date_gmt":"2024-05-25T08:18:21","guid":{"rendered":"https:\/\/www.radiomarket.fi\/tuote\/ekua9227-tuntematon-e10\/"},"modified":"2024-05-30T11:29:46","modified_gmt":"2024-05-30T08:29:46","slug":"ekua9227-tuntematon-e10","status":"publish","type":"product","link":"https:\/\/www.radiomarket.fi\/en\/kohde\/ekua9227-tuntematon-e10\/","title":{"rendered":"EKUA9227 Fug EK10 myyd\u00e4\u00e4n varaosina, puretaan (EKUM)"},"content":{"rendered":"<p>Metallinen kuori. Kuori eritt\u00e4in kolhuinen, ei avattu sisuksen tarkempaa tutkimista varten. Voidaan myyd\u00e4 my\u00f6s osia.<br \/><br \/>Oikean alakulman liitin (14-pinninen) purettu varaosaksi.<\/p>","protected":false},"excerpt":{"rendered":"<p>Metallinen kuori. Kuori eritt\u00e4in kolhuinen, ei avattu sisuksen tarkempaa tutkimista varten. Voidaan myyd\u00e4 my\u00f6s osia.Oikean alakulman liitin (14-pinninen) purettu varaosaksi.<\/p>","protected":false},"featured_media":11160,"template":"","meta":[],"_links":{"self":[{"href":"https:\/\/www.radiomarket.fi\/en\/wp-json\/wp\/v2\/product\/21259"}],"collection":[{"href":"https:\/\/www.radiomarket.fi\/en\/wp-json\/wp\/v2\/product"}],"about":[{"href":"https:\/\/www.radiomarket.fi\/en\/wp-json\/wp\/v2\/types\/product"}],"wp:featuredmedia":[{"embeddable":true,"href":"https:\/\/www.radiomarket.fi\/en\/wp-json\/wp\/v2\/media\/11160"}],"wp:attachment":[{"href":"https:\/\/www.radiomarket.fi\/en\/wp-json\/wp\/v2\/media?parent=21259"}],"curies":[{"name":"wp","href":"https:\/\/api.w.org\/{rel}","templated":true}]}}