{"id":21271,"date":"2020-10-05T11:18:28","date_gmt":"2020-10-05T08:18:28","guid":{"rendered":"https:\/\/www.radiomarket.fi\/tuote\/ekua9214-tuntematon-p-2-15\/"},"modified":"2025-05-30T14:40:17","modified_gmt":"2025-05-30T11:40:17","slug":"ekua9214-tuntematon-p-2-15","status":"publish","type":"product","link":"https:\/\/www.radiomarket.fi\/en\/kohde\/ekua9214-tuntematon-p-2-15\/","title":{"rendered":"EKUA9214 Tuntematon P-2-15"},"content":{"rendered":"Harmaa pieni laatikko muutamalla s\u00e4\u00e4timell\u00e4","protected":false},"excerpt":{"rendered":"<p>Harmaa pieni laatikko muutamalla s\u00e4\u00e4timell\u00e4<\/p>","protected":false},"featured_media":11127,"template":"","meta":[],"_links":{"self":[{"href":"https:\/\/www.radiomarket.fi\/en\/wp-json\/wp\/v2\/product\/21271"}],"collection":[{"href":"https:\/\/www.radiomarket.fi\/en\/wp-json\/wp\/v2\/product"}],"about":[{"href":"https:\/\/www.radiomarket.fi\/en\/wp-json\/wp\/v2\/types\/product"}],"wp:featuredmedia":[{"embeddable":true,"href":"https:\/\/www.radiomarket.fi\/en\/wp-json\/wp\/v2\/media\/11127"}],"wp:attachment":[{"href":"https:\/\/www.radiomarket.fi\/en\/wp-json\/wp\/v2\/media?parent=21271"}],"curies":[{"name":"wp","href":"https:\/\/api.w.org\/{rel}","templated":true}]}}