{"id":21278,"date":"2020-10-05T11:18:31","date_gmt":"2020-10-05T08:18:31","guid":{"rendered":"https:\/\/www.radiomarket.fi\/tuote\/ekua9207-philips-tuntematon-laite\/"},"modified":"2022-06-07T18:18:45","modified_gmt":"2022-06-07T15:18:45","slug":"ekua9207-philips-tuntematon-laite","status":"publish","type":"product","link":"https:\/\/www.radiomarket.fi\/en\/kohde\/ekua9207-philips-tuntematon-laite\/","title":{"rendered":"EKUA9207 Philips Tuntematon laite"},"content":{"rendered":"Sis\u00e4lt\u00e4\u00e4 radioputkia ym. komponentteja. Pelkk\u00e4 koneisto, kuoret puuttuu.","protected":false},"excerpt":{"rendered":"<p>Sis\u00e4lt\u00e4\u00e4 radioputkia ym. komponentteja. Pelkk\u00e4 koneisto, kuoret puuttuu.<\/p>","protected":false},"featured_media":11112,"template":"","meta":[],"_links":{"self":[{"href":"https:\/\/www.radiomarket.fi\/en\/wp-json\/wp\/v2\/product\/21278"}],"collection":[{"href":"https:\/\/www.radiomarket.fi\/en\/wp-json\/wp\/v2\/product"}],"about":[{"href":"https:\/\/www.radiomarket.fi\/en\/wp-json\/wp\/v2\/types\/product"}],"wp:featuredmedia":[{"embeddable":true,"href":"https:\/\/www.radiomarket.fi\/en\/wp-json\/wp\/v2\/media\/11112"}],"wp:attachment":[{"href":"https:\/\/www.radiomarket.fi\/en\/wp-json\/wp\/v2\/media?parent=21278"}],"curies":[{"name":"wp","href":"https:\/\/api.w.org\/{rel}","templated":true}]}}