{"id":21284,"date":"2020-10-05T11:18:34","date_gmt":"2020-10-05T08:18:34","guid":{"rendered":"https:\/\/www.radiomarket.fi\/tuote\/ekua9199-tuntematon-autoradion-ohjain\/"},"modified":"2021-03-04T15:58:15","modified_gmt":"2021-03-04T13:58:15","slug":"ekua9199-tuntematon-autoradion-ohjain","status":"publish","type":"product","link":"https:\/\/www.radiomarket.fi\/en\/kohde\/ekua9199-tuntematon-autoradion-ohjain\/","title":{"rendered":"EKUA9199  Firestone Autoradion ohjain yhdistetty tuotteeseen EKUA7545."},"content":{"rendered":"<p>Yhdistetty tuotteeseen EKUA7545, jonka kanssa myyd\u00e4\u00e4n yhten\u00e4 pakettina.<\/p>","protected":false},"excerpt":{"rendered":"<p>Yhdistetty tuotteeseen EKUA7545, jonka kanssa myyd\u00e4\u00e4n yhten\u00e4 pakettina.<\/p>","protected":false},"featured_media":11091,"template":"","meta":[],"_links":{"self":[{"href":"https:\/\/www.radiomarket.fi\/en\/wp-json\/wp\/v2\/product\/21284"}],"collection":[{"href":"https:\/\/www.radiomarket.fi\/en\/wp-json\/wp\/v2\/product"}],"about":[{"href":"https:\/\/www.radiomarket.fi\/en\/wp-json\/wp\/v2\/types\/product"}],"wp:featuredmedia":[{"embeddable":true,"href":"https:\/\/www.radiomarket.fi\/en\/wp-json\/wp\/v2\/media\/11091"}],"wp:attachment":[{"href":"https:\/\/www.radiomarket.fi\/en\/wp-json\/wp\/v2\/media?parent=21284"}],"curies":[{"name":"wp","href":"https:\/\/api.w.org\/{rel}","templated":true}]}}