{"id":21286,"date":"2020-10-05T11:18:35","date_gmt":"2020-10-05T08:18:35","guid":{"rendered":"https:\/\/www.radiomarket.fi\/tuote\/ekua9187-crossley-kaiutin\/"},"modified":"2020-10-05T11:18:35","modified_gmt":"2020-10-05T08:18:35","slug":"ekua9187-crossley-kaiutin","status":"publish","type":"product","link":"https:\/\/www.radiomarket.fi\/en\/kohde\/ekua9187-crossley-kaiutin\/","title":{"rendered":"EKUA9187 Crossley Kaiutin"},"content":{"rendered":"Vapaav\u00e4r\u00e4htelij\u00e4kaiutin, kartion halkaisija 40 cm. Pelkk\u00e4 metallirunko, pahvi puuttuu.","protected":false},"excerpt":{"rendered":"<p>Vapaav\u00e4r\u00e4htelij\u00e4kaiutin, kartion halkaisija 40 cm. Pelkk\u00e4 metallirunko, pahvi puuttuu.<\/p>","protected":false},"featured_media":11089,"template":"","meta":[],"_links":{"self":[{"href":"https:\/\/www.radiomarket.fi\/en\/wp-json\/wp\/v2\/product\/21286"}],"collection":[{"href":"https:\/\/www.radiomarket.fi\/en\/wp-json\/wp\/v2\/product"}],"about":[{"href":"https:\/\/www.radiomarket.fi\/en\/wp-json\/wp\/v2\/types\/product"}],"wp:featuredmedia":[{"embeddable":true,"href":"https:\/\/www.radiomarket.fi\/en\/wp-json\/wp\/v2\/media\/11089"}],"wp:attachment":[{"href":"https:\/\/www.radiomarket.fi\/en\/wp-json\/wp\/v2\/media?parent=21286"}],"curies":[{"name":"wp","href":"https:\/\/api.w.org\/{rel}","templated":true}]}}