{"id":21289,"date":"2020-10-05T11:18:36","date_gmt":"2020-10-05T08:18:36","guid":{"rendered":"https:\/\/www.radiomarket.fi\/tuote\/ekua9183-lorenz-b3-3947\/"},"modified":"2021-09-28T14:30:21","modified_gmt":"2021-09-28T11:30:21","slug":"ekua9183-lorenz-b3-3947","status":"publish","type":"product","link":"https:\/\/www.radiomarket.fi\/en\/kohde\/ekua9183-lorenz-b3-3947\/","title":{"rendered":"EKUA9183 Lorenz B3 3947"},"content":{"rendered":"<p>Tummanruskea puukuori. Koneisto turvonnut, ei mahdu kunnolla sis\u00e4\u00e4n, huono asteikko ja eturitil\u00e4.<\/p>","protected":false},"excerpt":{"rendered":"<p>Tummanruskea puukuori. Koneisto turvonnut, ei mahdu kunnolla sis\u00e4\u00e4n, huono asteikko ja eturitil\u00e4.<\/p>","protected":false},"featured_media":11074,"template":"","meta":[],"_links":{"self":[{"href":"https:\/\/www.radiomarket.fi\/en\/wp-json\/wp\/v2\/product\/21289"}],"collection":[{"href":"https:\/\/www.radiomarket.fi\/en\/wp-json\/wp\/v2\/product"}],"about":[{"href":"https:\/\/www.radiomarket.fi\/en\/wp-json\/wp\/v2\/types\/product"}],"wp:featuredmedia":[{"embeddable":true,"href":"https:\/\/www.radiomarket.fi\/en\/wp-json\/wp\/v2\/media\/11074"}],"wp:attachment":[{"href":"https:\/\/www.radiomarket.fi\/en\/wp-json\/wp\/v2\/media?parent=21289"}],"curies":[{"name":"wp","href":"https:\/\/api.w.org\/{rel}","templated":true}]}}