{"id":21306,"date":"2020-10-05T11:18:43","date_gmt":"2020-10-05T08:18:43","guid":{"rendered":"https:\/\/www.radiomarket.fi\/tuote\/ekua9158-eta-mera-0-75-v-le-3\/"},"modified":"2021-04-21T17:04:23","modified_gmt":"2021-04-21T14:04:23","slug":"ekua9158-eta-mera-0-75-v-le-3","status":"publish","type":"product","link":"https:\/\/www.radiomarket.fi\/en\/kohde\/ekua9158-eta-mera-0-75-v-le-3\/","title":{"rendered":"EKUA9158 ETA\/Mera 0-75 V LE-3"},"content":{"rendered":"<p>0-75 V, V\u00e4rilt\u00e4\u00e4n mustia<\/p>","protected":false},"excerpt":{"rendered":"<p>0-75 V, V\u00e4rilt\u00e4\u00e4n mustia<\/p>","protected":false},"featured_media":11030,"template":"","meta":[],"_links":{"self":[{"href":"https:\/\/www.radiomarket.fi\/en\/wp-json\/wp\/v2\/product\/21306"}],"collection":[{"href":"https:\/\/www.radiomarket.fi\/en\/wp-json\/wp\/v2\/product"}],"about":[{"href":"https:\/\/www.radiomarket.fi\/en\/wp-json\/wp\/v2\/types\/product"}],"wp:featuredmedia":[{"embeddable":true,"href":"https:\/\/www.radiomarket.fi\/en\/wp-json\/wp\/v2\/media\/11030"}],"wp:attachment":[{"href":"https:\/\/www.radiomarket.fi\/en\/wp-json\/wp\/v2\/media?parent=21306"}],"curies":[{"name":"wp","href":"https:\/\/api.w.org\/{rel}","templated":true}]}}