{"id":21322,"date":"2020-10-05T11:18:51","date_gmt":"2020-10-05T08:18:51","guid":{"rendered":"https:\/\/www.radiomarket.fi\/tuote\/ekua9139-toshiba-telefax-tf-531\/"},"modified":"2020-12-04T00:10:21","modified_gmt":"2020-12-03T22:10:21","slug":"ekua9139-toshiba-telefax-tf-531","status":"publish","type":"product","link":"https:\/\/www.radiomarket.fi\/en\/kohde\/ekua9139-toshiba-telefax-tf-531\/","title":{"rendered":"EKUA9139 Toshiba Telefax TF 531"},"content":{"rendered":"Faksilaite, valkoinen muovipinta, sy\u00f6tt\u00f6painikkeet p\u00e4\u00e4ll\u00e4","protected":false},"excerpt":{"rendered":"<p>Faksilaite, valkoinen muovipinta, sy\u00f6tt\u00f6painikkeet p\u00e4\u00e4ll\u00e4<\/p>","protected":false},"featured_media":10991,"template":"","meta":[],"_links":{"self":[{"href":"https:\/\/www.radiomarket.fi\/en\/wp-json\/wp\/v2\/product\/21322"}],"collection":[{"href":"https:\/\/www.radiomarket.fi\/en\/wp-json\/wp\/v2\/product"}],"about":[{"href":"https:\/\/www.radiomarket.fi\/en\/wp-json\/wp\/v2\/types\/product"}],"wp:featuredmedia":[{"embeddable":true,"href":"https:\/\/www.radiomarket.fi\/en\/wp-json\/wp\/v2\/media\/10991"}],"wp:attachment":[{"href":"https:\/\/www.radiomarket.fi\/en\/wp-json\/wp\/v2\/media?parent=21322"}],"curies":[{"name":"wp","href":"https:\/\/api.w.org\/{rel}","templated":true}]}}