{"id":21343,"date":"2020-10-05T11:19:00","date_gmt":"2020-10-05T08:19:00","guid":{"rendered":"https:\/\/www.radiomarket.fi\/tuote\/ekua9111-tuntematon-venalainen\/"},"modified":"2023-08-02T12:11:45","modified_gmt":"2023-08-02T09:11:45","slug":"ekua9111-tuntematon-venalainen","status":"publish","type":"product","link":"https:\/\/www.radiomarket.fi\/en\/kohde\/ekua9111-tuntematon-venalainen\/","title":{"rendered":"EKUA9111 Tuntematon Ven\u00e4l\u00e4inen"},"content":{"rendered":"<p>Ven\u00e4l\u00e4inen bakeliittikuorinen musta mittarikotelo sis. milliampeerimittarin<\/p>","protected":false},"excerpt":{"rendered":"<p>Ven\u00e4l\u00e4inen bakeliittikuorinen musta mittarikotelo sis. milliampeerimittarin<\/p>","protected":false},"featured_media":10935,"template":"","meta":[],"_links":{"self":[{"href":"https:\/\/www.radiomarket.fi\/en\/wp-json\/wp\/v2\/product\/21343"}],"collection":[{"href":"https:\/\/www.radiomarket.fi\/en\/wp-json\/wp\/v2\/product"}],"about":[{"href":"https:\/\/www.radiomarket.fi\/en\/wp-json\/wp\/v2\/types\/product"}],"wp:featuredmedia":[{"embeddable":true,"href":"https:\/\/www.radiomarket.fi\/en\/wp-json\/wp\/v2\/media\/10935"}],"wp:attachment":[{"href":"https:\/\/www.radiomarket.fi\/en\/wp-json\/wp\/v2\/media?parent=21343"}],"curies":[{"name":"wp","href":"https:\/\/api.w.org\/{rel}","templated":true}]}}