{"id":21365,"date":"2020-10-05T11:19:10","date_gmt":"2020-10-05T08:19:10","guid":{"rendered":"https:\/\/www.radiomarket.fi\/tuote\/ekua9077-klemt-at200m\/"},"modified":"2022-11-17T02:34:17","modified_gmt":"2022-11-17T00:34:17","slug":"ekua9077-klemt-at200m","status":"publish","type":"product","link":"https:\/\/www.radiomarket.fi\/en\/kohde\/ekua9077-klemt-at200m\/","title":{"rendered":"EKUA9077 Klemt AT200M"},"content":{"rendered":"Sinert\u00e4v\u00e4t metallikuoret","protected":false},"excerpt":{"rendered":"<p>Sinert\u00e4v\u00e4t metallikuoret<\/p>","protected":false},"featured_media":10879,"template":"","meta":[],"_links":{"self":[{"href":"https:\/\/www.radiomarket.fi\/en\/wp-json\/wp\/v2\/product\/21365"}],"collection":[{"href":"https:\/\/www.radiomarket.fi\/en\/wp-json\/wp\/v2\/product"}],"about":[{"href":"https:\/\/www.radiomarket.fi\/en\/wp-json\/wp\/v2\/types\/product"}],"wp:featuredmedia":[{"embeddable":true,"href":"https:\/\/www.radiomarket.fi\/en\/wp-json\/wp\/v2\/media\/10879"}],"wp:attachment":[{"href":"https:\/\/www.radiomarket.fi\/en\/wp-json\/wp\/v2\/media?parent=21365"}],"curies":[{"name":"wp","href":"https:\/\/api.w.org\/{rel}","templated":true}]}}