{"id":21369,"date":"2024-04-19T11:19:11","date_gmt":"2024-04-19T08:19:11","guid":{"rendered":"https:\/\/www.radiomarket.fi\/tuote\/ekua9073-tuntematon-emulation\/"},"modified":"2024-04-19T13:01:53","modified_gmt":"2024-04-19T10:01:53","slug":"ekua9073-tuntematon-emulation","status":"publish","type":"product","link":"https:\/\/www.radiomarket.fi\/en\/kohde\/ekua9073-tuntematon-emulation\/","title":{"rendered":"EKUA9073 Nelj\u00e4n monitorin vaihdin Multi PC-controller (EKUS)"},"content":{"rendered":"<p>Laite, jolla voidaan liitt\u00e4\u00e4 nelj\u00e4 tietokonetta yhteen\u00a0 monitoriin, n\u00e4pp\u00e4imist\u00f6\u00f6n ja hiireen. Tai vaihtoehtoisesti useita laitteita esimerkiksi yhteen monitoriin. \u00a0 Multi PC-controller<\/p>","protected":false},"excerpt":{"rendered":"<p>Laite, jolla voidaan liitt\u00e4\u00e4 nelj\u00e4 tietokonetta yhteen\u00a0 monitoriin, n\u00e4pp\u00e4imist\u00f6\u00f6n ja hiireen. Tai vaihtoehtoisesti useita laitteita esimerkiksi yhteen monitoriin. \u00a0 Multi PC-controller<\/p>","protected":false},"featured_media":10872,"template":"","meta":[],"_links":{"self":[{"href":"https:\/\/www.radiomarket.fi\/en\/wp-json\/wp\/v2\/product\/21369"}],"collection":[{"href":"https:\/\/www.radiomarket.fi\/en\/wp-json\/wp\/v2\/product"}],"about":[{"href":"https:\/\/www.radiomarket.fi\/en\/wp-json\/wp\/v2\/types\/product"}],"wp:featuredmedia":[{"embeddable":true,"href":"https:\/\/www.radiomarket.fi\/en\/wp-json\/wp\/v2\/media\/10872"}],"wp:attachment":[{"href":"https:\/\/www.radiomarket.fi\/en\/wp-json\/wp\/v2\/media?parent=21369"}],"curies":[{"name":"wp","href":"https:\/\/api.w.org\/{rel}","templated":true}]}}