{"id":21375,"date":"2020-10-05T11:19:14","date_gmt":"2020-10-05T08:19:14","guid":{"rendered":"https:\/\/www.radiomarket.fi\/tuote\/ekua9064x-philips-paristokotelo\/"},"modified":"2020-10-05T11:19:14","modified_gmt":"2020-10-05T08:19:14","slug":"ekua9064x-philips-paristokotelo","status":"publish","type":"product","link":"https:\/\/www.radiomarket.fi\/en\/kohde\/ekua9064x-philips-paristokotelo\/","title":{"rendered":"EKUA9064x Philips Paristokotelo"},"content":{"rendered":"Philips matkaradion muovinen paristokotelo, pohjassa numerotarra 02550, v\u00e4rilt\u00e4\u00e4n musta.","protected":false},"excerpt":{"rendered":"<p>Philips matkaradion muovinen paristokotelo, pohjassa numerotarra 02550, v\u00e4rilt\u00e4\u00e4n musta.<\/p>","protected":false},"featured_media":10853,"template":"","meta":[],"_links":{"self":[{"href":"https:\/\/www.radiomarket.fi\/en\/wp-json\/wp\/v2\/product\/21375"}],"collection":[{"href":"https:\/\/www.radiomarket.fi\/en\/wp-json\/wp\/v2\/product"}],"about":[{"href":"https:\/\/www.radiomarket.fi\/en\/wp-json\/wp\/v2\/types\/product"}],"wp:featuredmedia":[{"embeddable":true,"href":"https:\/\/www.radiomarket.fi\/en\/wp-json\/wp\/v2\/media\/10853"}],"wp:attachment":[{"href":"https:\/\/www.radiomarket.fi\/en\/wp-json\/wp\/v2\/media?parent=21375"}],"curies":[{"name":"wp","href":"https:\/\/api.w.org\/{rel}","templated":true}]}}