{"id":21376,"date":"2020-10-05T11:19:14","date_gmt":"2020-10-05T08:19:14","guid":{"rendered":"https:\/\/www.radiomarket.fi\/tuote\/ekua9063-lloytron-n716\/"},"modified":"2020-10-05T11:19:14","modified_gmt":"2020-10-05T08:19:14","slug":"ekua9063-lloytron-n716","status":"publish","type":"product","link":"https:\/\/www.radiomarket.fi\/en\/kohde\/ekua9063-lloytron-n716\/","title":{"rendered":"EKUA9063 Lloytron N716"},"content":{"rendered":"Vihre\u00e4 taskuradio. Virheet\u00f6n.","protected":false},"excerpt":{"rendered":"<p>Vihre\u00e4 taskuradio. Virheet\u00f6n.<\/p>","protected":false},"featured_media":10843,"template":"","meta":[],"_links":{"self":[{"href":"https:\/\/www.radiomarket.fi\/en\/wp-json\/wp\/v2\/product\/21376"}],"collection":[{"href":"https:\/\/www.radiomarket.fi\/en\/wp-json\/wp\/v2\/product"}],"about":[{"href":"https:\/\/www.radiomarket.fi\/en\/wp-json\/wp\/v2\/types\/product"}],"wp:featuredmedia":[{"embeddable":true,"href":"https:\/\/www.radiomarket.fi\/en\/wp-json\/wp\/v2\/media\/10843"}],"wp:attachment":[{"href":"https:\/\/www.radiomarket.fi\/en\/wp-json\/wp\/v2\/media?parent=21376"}],"curies":[{"name":"wp","href":"https:\/\/api.w.org\/{rel}","templated":true}]}}