{"id":21383,"date":"2020-10-05T11:19:16","date_gmt":"2020-10-05T08:19:16","guid":{"rendered":"https:\/\/www.radiomarket.fi\/tuote\/ekua9055-ericsson-gh-198\/"},"modified":"2023-08-27T13:47:04","modified_gmt":"2023-08-27T10:47:04","slug":"ekua9055-ericsson-gh-198","status":"publish","type":"product","link":"https:\/\/www.radiomarket.fi\/en\/kohde\/ekua9055-ericsson-gh-198\/","title":{"rendered":"EKUA9055 Ericsson GH 198"},"content":{"rendered":"Ei her\u00e4\u00e4 eloon t\u00e4ll\u00e4 akulla, akku t\u00e4ysin lopussa tai laturivika, ei tutkittu enemp\u00e4\u00e4.","protected":false},"excerpt":{"rendered":"<p>Ei her\u00e4\u00e4 eloon t\u00e4ll\u00e4 akulla, akku t\u00e4ysin lopussa tai laturivika, ei tutkittu enemp\u00e4\u00e4.<\/p>","protected":false},"featured_media":10816,"template":"","meta":[],"_links":{"self":[{"href":"https:\/\/www.radiomarket.fi\/en\/wp-json\/wp\/v2\/product\/21383"}],"collection":[{"href":"https:\/\/www.radiomarket.fi\/en\/wp-json\/wp\/v2\/product"}],"about":[{"href":"https:\/\/www.radiomarket.fi\/en\/wp-json\/wp\/v2\/types\/product"}],"wp:featuredmedia":[{"embeddable":true,"href":"https:\/\/www.radiomarket.fi\/en\/wp-json\/wp\/v2\/media\/10816"}],"wp:attachment":[{"href":"https:\/\/www.radiomarket.fi\/en\/wp-json\/wp\/v2\/media?parent=21383"}],"curies":[{"name":"wp","href":"https:\/\/api.w.org\/{rel}","templated":true}]}}