{"id":21384,"date":"2020-10-05T11:19:17","date_gmt":"2020-10-05T08:19:17","guid":{"rendered":"https:\/\/www.radiomarket.fi\/tuote\/ekua9054x-universal-avometer-model-8\/"},"modified":"2022-09-25T16:26:59","modified_gmt":"2022-09-25T13:26:59","slug":"ekua9054x-universal-avometer-model-8","status":"publish","type":"product","link":"https:\/\/www.radiomarket.fi\/en\/kohde\/ekua9054x-universal-avometer-model-8\/","title":{"rendered":"EKUA9054x Universal Avometer Model 8"},"content":{"rendered":"Musta kotelo, takapuolella k\u00e4ytt\u00f6ohjeet. N\u00e4ytt\u00e4\u00e4 liikaa.","protected":false},"excerpt":{"rendered":"<p>Musta kotelo, takapuolella k\u00e4ytt\u00f6ohjeet. N\u00e4ytt\u00e4\u00e4 liikaa.<\/p>","protected":false},"featured_media":10814,"template":"","meta":[],"_links":{"self":[{"href":"https:\/\/www.radiomarket.fi\/en\/wp-json\/wp\/v2\/product\/21384"}],"collection":[{"href":"https:\/\/www.radiomarket.fi\/en\/wp-json\/wp\/v2\/product"}],"about":[{"href":"https:\/\/www.radiomarket.fi\/en\/wp-json\/wp\/v2\/types\/product"}],"wp:featuredmedia":[{"embeddable":true,"href":"https:\/\/www.radiomarket.fi\/en\/wp-json\/wp\/v2\/media\/10814"}],"wp:attachment":[{"href":"https:\/\/www.radiomarket.fi\/en\/wp-json\/wp\/v2\/media?parent=21384"}],"curies":[{"name":"wp","href":"https:\/\/api.w.org\/{rel}","templated":true}]}}