{"id":21392,"date":"2020-10-05T11:19:21","date_gmt":"2020-10-05T08:19:21","guid":{"rendered":"https:\/\/www.radiomarket.fi\/tuote\/ekua9047-omavalmiste-radio\/"},"modified":"2020-10-05T11:19:21","modified_gmt":"2020-10-05T08:19:21","slug":"ekua9047-omavalmiste-radio","status":"publish","type":"product","link":"https:\/\/www.radiomarket.fi\/en\/kohde\/ekua9047-omavalmiste-radio\/","title":{"rendered":"EKUA9047 Omavalmiste Radio"},"content":{"rendered":"Keskipitk\u00e4t ja pitk\u00e4t alueet. Puiset kuoret, musta etupaneeli","protected":false},"excerpt":{"rendered":"<p>Keskipitk\u00e4t ja pitk\u00e4t alueet. Puiset kuoret, musta etupaneeli<\/p>","protected":false},"featured_media":10782,"template":"","meta":[],"_links":{"self":[{"href":"https:\/\/www.radiomarket.fi\/en\/wp-json\/wp\/v2\/product\/21392"}],"collection":[{"href":"https:\/\/www.radiomarket.fi\/en\/wp-json\/wp\/v2\/product"}],"about":[{"href":"https:\/\/www.radiomarket.fi\/en\/wp-json\/wp\/v2\/types\/product"}],"wp:featuredmedia":[{"embeddable":true,"href":"https:\/\/www.radiomarket.fi\/en\/wp-json\/wp\/v2\/media\/10782"}],"wp:attachment":[{"href":"https:\/\/www.radiomarket.fi\/en\/wp-json\/wp\/v2\/media?parent=21392"}],"curies":[{"name":"wp","href":"https:\/\/api.w.org\/{rel}","templated":true}]}}