{"id":21395,"date":"2020-10-05T11:19:22","date_gmt":"2020-10-05T08:19:22","guid":{"rendered":"https:\/\/www.radiomarket.fi\/tuote\/ekua9043-philips-type-22-ga214-33t\/"},"modified":"2023-07-15T13:09:12","modified_gmt":"2023-07-15T10:09:12","slug":"ekua9043-philips-type-22-ga214-33t","status":"publish","type":"product","link":"https:\/\/www.radiomarket.fi\/en\/kohde\/ekua9043-philips-type-22-ga214-33t\/","title":{"rendered":"EKUA9043 Philips Type 22 GA214\/33T"},"content":{"rendered":"<p>Pienehk\u00f6 levysoitin, ruskeat puiset kuoret ja l\u00e4pin\u00e4kyv\u00e4 muovikoppa. Siisti, ei syvi\u00e4 naarmuja kannessa.<\/p>","protected":false},"excerpt":{"rendered":"<p>Pienehk\u00f6 levysoitin, ruskeat puiset kuoret ja l\u00e4pin\u00e4kyv\u00e4 muovikoppa. Siisti, ei syvi\u00e4 naarmuja kannessa.<\/p>","protected":false},"featured_media":10770,"template":"","meta":[],"_links":{"self":[{"href":"https:\/\/www.radiomarket.fi\/en\/wp-json\/wp\/v2\/product\/21395"}],"collection":[{"href":"https:\/\/www.radiomarket.fi\/en\/wp-json\/wp\/v2\/product"}],"about":[{"href":"https:\/\/www.radiomarket.fi\/en\/wp-json\/wp\/v2\/types\/product"}],"wp:featuredmedia":[{"embeddable":true,"href":"https:\/\/www.radiomarket.fi\/en\/wp-json\/wp\/v2\/media\/10770"}],"wp:attachment":[{"href":"https:\/\/www.radiomarket.fi\/en\/wp-json\/wp\/v2\/media?parent=21395"}],"curies":[{"name":"wp","href":"https:\/\/api.w.org\/{rel}","templated":true}]}}