{"id":21401,"date":"2020-10-05T11:19:27","date_gmt":"2020-10-05T08:19:27","guid":{"rendered":"https:\/\/www.radiomarket.fi\/tuote\/ekua9036-nokia-2600\/"},"modified":"2020-10-05T11:19:27","modified_gmt":"2020-10-05T08:19:27","slug":"ekua9036-nokia-2600","status":"publish","type":"product","link":"https:\/\/www.radiomarket.fi\/en\/kohde\/ekua9036-nokia-2600\/","title":{"rendered":"EKUA9036 Nokia 2600"},"content":{"rendered":"Nokian 2600-k\u00e4nnykk\u00e4, hopeanv\u00e4riset kuoret. Ei akkua.","protected":false},"excerpt":{"rendered":"<p>Nokian 2600-k\u00e4nnykk\u00e4, hopeanv\u00e4riset kuoret. Ei akkua.<\/p>","protected":false},"featured_media":10739,"template":"","meta":[],"_links":{"self":[{"href":"https:\/\/www.radiomarket.fi\/en\/wp-json\/wp\/v2\/product\/21401"}],"collection":[{"href":"https:\/\/www.radiomarket.fi\/en\/wp-json\/wp\/v2\/product"}],"about":[{"href":"https:\/\/www.radiomarket.fi\/en\/wp-json\/wp\/v2\/types\/product"}],"wp:featuredmedia":[{"embeddable":true,"href":"https:\/\/www.radiomarket.fi\/en\/wp-json\/wp\/v2\/media\/10739"}],"wp:attachment":[{"href":"https:\/\/www.radiomarket.fi\/en\/wp-json\/wp\/v2\/media?parent=21401"}],"curies":[{"name":"wp","href":"https:\/\/api.w.org\/{rel}","templated":true}]}}