{"id":21402,"date":"2020-10-05T11:19:27","date_gmt":"2020-10-05T08:19:27","guid":{"rendered":"https:\/\/www.radiomarket.fi\/tuote\/ekua9035-nokia-3310\/"},"modified":"2024-10-15T11:32:51","modified_gmt":"2024-10-15T08:32:51","slug":"ekua9035-nokia-3310","status":"publish","type":"product","link":"https:\/\/www.radiomarket.fi\/en\/kohde\/ekua9035-nokia-3310\/","title":{"rendered":"EKUA9035 Nokia 3310"},"content":{"rendered":"<p>Nokian 3310-k\u00e4nnykk\u00e4, tummanharmaat kuoret. Kuoresta haljennut pala, kuori l\u00f6yh\u00e4sti kiinni. Akku mukana.<\/p>","protected":false},"excerpt":{"rendered":"<p>Nokian 3310-k\u00e4nnykk\u00e4, tummanharmaat kuoret. Kuoresta haljennut pala, kuori l\u00f6yh\u00e4sti kiinni. Akku mukana.<\/p>","protected":false},"featured_media":10736,"template":"","meta":[],"_links":{"self":[{"href":"https:\/\/www.radiomarket.fi\/en\/wp-json\/wp\/v2\/product\/21402"}],"collection":[{"href":"https:\/\/www.radiomarket.fi\/en\/wp-json\/wp\/v2\/product"}],"about":[{"href":"https:\/\/www.radiomarket.fi\/en\/wp-json\/wp\/v2\/types\/product"}],"wp:featuredmedia":[{"embeddable":true,"href":"https:\/\/www.radiomarket.fi\/en\/wp-json\/wp\/v2\/media\/10736"}],"wp:attachment":[{"href":"https:\/\/www.radiomarket.fi\/en\/wp-json\/wp\/v2\/media?parent=21402"}],"curies":[{"name":"wp","href":"https:\/\/api.w.org\/{rel}","templated":true}]}}