{"id":21415,"date":"2020-10-05T11:19:33","date_gmt":"2020-10-05T08:19:33","guid":{"rendered":"https:\/\/www.radiomarket.fi\/tuote\/ekua9020-rohde-schwarz-nv-1-156\/"},"modified":"2021-10-01T18:27:41","modified_gmt":"2021-10-01T15:27:41","slug":"ekua9020-rohde-schwarz-nv-1-156","status":"publish","type":"product","link":"https:\/\/www.radiomarket.fi\/en\/kohde\/ekua9020-rohde-schwarz-nv-1-156\/","title":{"rendered":"EKUA9020 Rohde &amp; Schwarz NV 1\/156 (EKUB)"},"content":{"rendered":"<p>Harmaa metallinen antennivahvistin &#8211; nelj\u00e4n vastaanottimen jakaja alueelle 100-156 MHz. Putket paikallaan, oletettavasti poistettu toimivana Suomen Ilmavoimien k\u00e4yt\u00f6st\u00e4.<\/p>","protected":false},"excerpt":{"rendered":"<p>Antennijakaja ilmailualueen monitorivastaanottimille.<\/p>","protected":false},"featured_media":10710,"template":"","meta":[],"_links":{"self":[{"href":"https:\/\/www.radiomarket.fi\/en\/wp-json\/wp\/v2\/product\/21415"}],"collection":[{"href":"https:\/\/www.radiomarket.fi\/en\/wp-json\/wp\/v2\/product"}],"about":[{"href":"https:\/\/www.radiomarket.fi\/en\/wp-json\/wp\/v2\/types\/product"}],"wp:featuredmedia":[{"embeddable":true,"href":"https:\/\/www.radiomarket.fi\/en\/wp-json\/wp\/v2\/media\/10710"}],"wp:attachment":[{"href":"https:\/\/www.radiomarket.fi\/en\/wp-json\/wp\/v2\/media?parent=21415"}],"curies":[{"name":"wp","href":"https:\/\/api.w.org\/{rel}","templated":true}]}}