{"id":21416,"date":"2020-10-05T11:19:34","date_gmt":"2020-10-05T08:19:34","guid":{"rendered":"https:\/\/www.radiomarket.fi\/tuote\/ekua9018-tartu-telefonivabrik-p-1-8\/"},"modified":"2021-06-13T15:10:46","modified_gmt":"2021-06-13T12:10:46","slug":"ekua9018-tartu-telefonivabrik-p-1-8","status":"publish","type":"product","link":"https:\/\/www.radiomarket.fi\/en\/kohde\/ekua9018-tartu-telefonivabrik-p-1-8\/","title":{"rendered":"EKUA9018 Tartu Telefonivabrik P-1-8"},"content":{"rendered":"Kentt\u00e4radio avattavine puukoteloineen. Nahkainen kantovy\u00f6. Kotelon pinnassa kulumaa.","protected":false},"excerpt":{"rendered":"<p>Kentt\u00e4radio avattavine puukoteloineen. Nahkainen kantovy\u00f6. Kotelon pinnassa kulumaa.<\/p>","protected":false},"featured_media":10697,"template":"","meta":[],"_links":{"self":[{"href":"https:\/\/www.radiomarket.fi\/en\/wp-json\/wp\/v2\/product\/21416"}],"collection":[{"href":"https:\/\/www.radiomarket.fi\/en\/wp-json\/wp\/v2\/product"}],"about":[{"href":"https:\/\/www.radiomarket.fi\/en\/wp-json\/wp\/v2\/types\/product"}],"wp:featuredmedia":[{"embeddable":true,"href":"https:\/\/www.radiomarket.fi\/en\/wp-json\/wp\/v2\/media\/10697"}],"wp:attachment":[{"href":"https:\/\/www.radiomarket.fi\/en\/wp-json\/wp\/v2\/media?parent=21416"}],"curies":[{"name":"wp","href":"https:\/\/api.w.org\/{rel}","templated":true}]}}