{"id":21432,"date":"2020-10-05T11:19:42","date_gmt":"2020-10-05T08:19:42","guid":{"rendered":"https:\/\/www.radiomarket.fi\/tuote\/ekua8242-philips-dect-111\/"},"modified":"2020-10-05T11:19:42","modified_gmt":"2020-10-05T08:19:42","slug":"ekua8242-philips-dect-111","status":"publish","type":"product","link":"https:\/\/www.radiomarket.fi\/en\/kohde\/ekua8242-philips-dect-111\/","title":{"rendered":"EKUA8242 Philips DECT 111"},"content":{"rendered":"Hopeanharmaan v\u00e4rist\u00e4 muovia","protected":false},"excerpt":{"rendered":"<p>Hopeanharmaan v\u00e4rist\u00e4 muovia<\/p>","protected":false},"featured_media":10652,"template":"","meta":[],"_links":{"self":[{"href":"https:\/\/www.radiomarket.fi\/en\/wp-json\/wp\/v2\/product\/21432"}],"collection":[{"href":"https:\/\/www.radiomarket.fi\/en\/wp-json\/wp\/v2\/product"}],"about":[{"href":"https:\/\/www.radiomarket.fi\/en\/wp-json\/wp\/v2\/types\/product"}],"wp:featuredmedia":[{"embeddable":true,"href":"https:\/\/www.radiomarket.fi\/en\/wp-json\/wp\/v2\/media\/10652"}],"wp:attachment":[{"href":"https:\/\/www.radiomarket.fi\/en\/wp-json\/wp\/v2\/media?parent=21432"}],"curies":[{"name":"wp","href":"https:\/\/api.w.org\/{rel}","templated":true}]}}