{"id":21435,"date":"2020-10-05T11:19:43","date_gmt":"2020-10-05T08:19:43","guid":{"rendered":"https:\/\/www.radiomarket.fi\/tuote\/ekua8237-airspan-easyst-4548a-asmax35\/"},"modified":"2020-10-05T11:19:43","modified_gmt":"2020-10-05T08:19:43","slug":"ekua8237-airspan-easyst-4548a-asmax35","status":"publish","type":"product","link":"https:\/\/www.radiomarket.fi\/en\/kohde\/ekua8237-airspan-easyst-4548a-asmax35\/","title":{"rendered":"EKUA8237 Airspan EasyST 4548A-ASMAX35"},"content":{"rendered":"Vaaleansininen WiMAX-asema jossa litte\u00e4 alusta ja korkea pylv\u00e4s","protected":false},"excerpt":{"rendered":"<p>Vaaleansininen WiMAX-asema jossa litte\u00e4 alusta ja korkea pylv\u00e4s<\/p>","protected":false},"featured_media":10646,"template":"","meta":[],"_links":{"self":[{"href":"https:\/\/www.radiomarket.fi\/en\/wp-json\/wp\/v2\/product\/21435"}],"collection":[{"href":"https:\/\/www.radiomarket.fi\/en\/wp-json\/wp\/v2\/product"}],"about":[{"href":"https:\/\/www.radiomarket.fi\/en\/wp-json\/wp\/v2\/types\/product"}],"wp:featuredmedia":[{"embeddable":true,"href":"https:\/\/www.radiomarket.fi\/en\/wp-json\/wp\/v2\/media\/10646"}],"wp:attachment":[{"href":"https:\/\/www.radiomarket.fi\/en\/wp-json\/wp\/v2\/media?parent=21435"}],"curies":[{"name":"wp","href":"https:\/\/api.w.org\/{rel}","templated":true}]}}