{"id":21436,"date":"2020-10-05T11:19:43","date_gmt":"2020-10-05T08:19:43","guid":{"rendered":"https:\/\/www.radiomarket.fi\/tuote\/ekua8236-tuntematon-linkkuveitsiradio\/"},"modified":"2021-03-23T14:21:28","modified_gmt":"2021-03-23T12:21:28","slug":"ekua8236-kaasusytytin","status":"publish","type":"product","link":"https:\/\/www.radiomarket.fi\/en\/kohde\/ekua8236-kaasusytytin\/","title":{"rendered":"EKUA8236 kaasusytytin"},"content":{"rendered":"<p>T\u00e4ytett\u00e4viss\u00e4. Maalipinta hieman kulunut.<\/p>","protected":false},"excerpt":{"rendered":"<p>T\u00e4ytett\u00e4viss\u00e4. Maalipinta hieman kulunut.<\/p>","protected":false},"featured_media":10645,"template":"","meta":[],"_links":{"self":[{"href":"https:\/\/www.radiomarket.fi\/en\/wp-json\/wp\/v2\/product\/21436"}],"collection":[{"href":"https:\/\/www.radiomarket.fi\/en\/wp-json\/wp\/v2\/product"}],"about":[{"href":"https:\/\/www.radiomarket.fi\/en\/wp-json\/wp\/v2\/types\/product"}],"wp:featuredmedia":[{"embeddable":true,"href":"https:\/\/www.radiomarket.fi\/en\/wp-json\/wp\/v2\/media\/10645"}],"wp:attachment":[{"href":"https:\/\/www.radiomarket.fi\/en\/wp-json\/wp\/v2\/media?parent=21436"}],"curies":[{"name":"wp","href":"https:\/\/api.w.org\/{rel}","templated":true}]}}