{"id":21443,"date":"2020-10-05T11:19:46","date_gmt":"2020-10-05T08:19:46","guid":{"rendered":"https:\/\/www.radiomarket.fi\/tuote\/ekua8228-tuntematon-linkkuveitsi\/"},"modified":"2020-10-05T11:19:46","modified_gmt":"2020-10-05T08:19:46","slug":"ekua8228-tuntematon-linkkuveitsi","status":"publish","type":"product","link":"https:\/\/www.radiomarket.fi\/en\/kohde\/ekua8228-tuntematon-linkkuveitsi\/","title":{"rendered":"EKUA8228 Tuntematon Linkkuveitsi"},"content":{"rendered":"Sinivalkoinen ulkokuori, 4 eri v\u00e4linett\u00e4 (ks. kuva). Ruostunut.","protected":false},"excerpt":{"rendered":"<p>Sinivalkoinen ulkokuori, 4 eri v\u00e4linett\u00e4 (ks. kuva). Ruostunut.<\/p>","protected":false},"featured_media":10629,"template":"","meta":[],"_links":{"self":[{"href":"https:\/\/www.radiomarket.fi\/en\/wp-json\/wp\/v2\/product\/21443"}],"collection":[{"href":"https:\/\/www.radiomarket.fi\/en\/wp-json\/wp\/v2\/product"}],"about":[{"href":"https:\/\/www.radiomarket.fi\/en\/wp-json\/wp\/v2\/types\/product"}],"wp:featuredmedia":[{"embeddable":true,"href":"https:\/\/www.radiomarket.fi\/en\/wp-json\/wp\/v2\/media\/10629"}],"wp:attachment":[{"href":"https:\/\/www.radiomarket.fi\/en\/wp-json\/wp\/v2\/media?parent=21443"}],"curies":[{"name":"wp","href":"https:\/\/api.w.org\/{rel}","templated":true}]}}