{"id":21446,"date":"2026-01-15T11:19:49","date_gmt":"2026-01-15T09:19:49","guid":{"rendered":"https:\/\/www.radiomarket.fi\/tuote\/ekua8225-panasonic-wv-3000e\/"},"modified":"2026-01-16T05:57:24","modified_gmt":"2026-01-16T03:57:24","slug":"ekua8225-panasonic-wv-3000e","status":"publish","type":"product","link":"https:\/\/www.radiomarket.fi\/en\/kohde\/ekua8225-panasonic-wv-3000e\/","title":{"rendered":"EKUA8225 Panasonic WV-3000E (EKUM)"},"content":{"rendered":"<p>V\u00e4rillinen videokamera liipasinpidikkeell\u00e4. Hopeinen yl\u00e4osa, musta objektiivi ja alaosa. Johdon p\u00e4\u00e4t modifioitu, ks. kuva. Ns. salkkuosa puuttuu. Ei tutkittu tarkemmin. Katso my\u00f6s EKUA8226.<\/p>","protected":false},"excerpt":{"rendered":"<p>V\u00e4rillinen videokamera liipasinpidikkeell\u00e4. Hopeinen yl\u00e4osa, musta objektiivi ja alaosa. Johdon p\u00e4\u00e4t modifioitu, ks. kuva. Ns. salkkuosa puuttuu. Ei tutkittu tarkemmin. Katso my\u00f6s EKUA8226.<\/p>","protected":false},"featured_media":10618,"template":"","meta":[],"_links":{"self":[{"href":"https:\/\/www.radiomarket.fi\/en\/wp-json\/wp\/v2\/product\/21446"}],"collection":[{"href":"https:\/\/www.radiomarket.fi\/en\/wp-json\/wp\/v2\/product"}],"about":[{"href":"https:\/\/www.radiomarket.fi\/en\/wp-json\/wp\/v2\/types\/product"}],"wp:featuredmedia":[{"embeddable":true,"href":"https:\/\/www.radiomarket.fi\/en\/wp-json\/wp\/v2\/media\/10618"}],"wp:attachment":[{"href":"https:\/\/www.radiomarket.fi\/en\/wp-json\/wp\/v2\/media?parent=21446"}],"curies":[{"name":"wp","href":"https:\/\/api.w.org\/{rel}","templated":true}]}}