{"id":21454,"date":"2020-10-05T11:19:53","date_gmt":"2020-10-05T08:19:53","guid":{"rendered":"https:\/\/www.radiomarket.fi\/tuote\/ekua8215-ericsson-1-dln-01231-51-910-h1-8228\/"},"modified":"2025-07-07T13:29:12","modified_gmt":"2025-07-07T10:29:12","slug":"ekua8215-ericsson-1-dln-01231-51-910-h1-8228","status":"publish","type":"product","link":"https:\/\/www.radiomarket.fi\/en\/kohde\/ekua8215-ericsson-1-dln-01231-51-910-h1-8228\/","title":{"rendered":"EKUA8215 Ericsson 1\/DLN 01231\/51\/910 H1 8228"},"content":{"rendered":"Kermanv\u00e4rinen kuori, kullanv\u00e4rinen pohja. Pohja irti kuoresta.","protected":false},"excerpt":{"rendered":"<p>Kermanv\u00e4rinen kuori, kullanv\u00e4rinen pohja. Pohja irti kuoresta.<\/p>","protected":false},"featured_media":10601,"template":"","meta":[],"_links":{"self":[{"href":"https:\/\/www.radiomarket.fi\/en\/wp-json\/wp\/v2\/product\/21454"}],"collection":[{"href":"https:\/\/www.radiomarket.fi\/en\/wp-json\/wp\/v2\/product"}],"about":[{"href":"https:\/\/www.radiomarket.fi\/en\/wp-json\/wp\/v2\/types\/product"}],"wp:featuredmedia":[{"embeddable":true,"href":"https:\/\/www.radiomarket.fi\/en\/wp-json\/wp\/v2\/media\/10601"}],"wp:attachment":[{"href":"https:\/\/www.radiomarket.fi\/en\/wp-json\/wp\/v2\/media?parent=21454"}],"curies":[{"name":"wp","href":"https:\/\/api.w.org\/{rel}","templated":true}]}}