{"id":21456,"date":"2020-10-05T11:19:54","date_gmt":"2020-10-05T08:19:54","guid":{"rendered":"https:\/\/www.radiomarket.fi\/tuote\/ekua8213-ericsson-dbhh-1591\/"},"modified":"2020-10-05T11:19:54","modified_gmt":"2020-10-05T08:19:54","slug":"ekua8213-ericsson-dbhh-1591","status":"publish","type":"product","link":"https:\/\/www.radiomarket.fi\/en\/kohde\/ekua8213-ericsson-dbhh-1591\/","title":{"rendered":"EKUA8213 Ericsson DBHH 1591"},"content":{"rendered":"Vaaleanharmaa p\u00f6yt\u00e4puhelin","protected":false},"excerpt":{"rendered":"<p>Vaaleanharmaa p\u00f6yt\u00e4puhelin<\/p>","protected":false},"featured_media":10595,"template":"","meta":[],"_links":{"self":[{"href":"https:\/\/www.radiomarket.fi\/en\/wp-json\/wp\/v2\/product\/21456"}],"collection":[{"href":"https:\/\/www.radiomarket.fi\/en\/wp-json\/wp\/v2\/product"}],"about":[{"href":"https:\/\/www.radiomarket.fi\/en\/wp-json\/wp\/v2\/types\/product"}],"wp:featuredmedia":[{"embeddable":true,"href":"https:\/\/www.radiomarket.fi\/en\/wp-json\/wp\/v2\/media\/10595"}],"wp:attachment":[{"href":"https:\/\/www.radiomarket.fi\/en\/wp-json\/wp\/v2\/media?parent=21456"}],"curies":[{"name":"wp","href":"https:\/\/api.w.org\/{rel}","templated":true}]}}