{"id":21465,"date":"2024-07-15T11:19:57","date_gmt":"2024-07-15T08:19:57","guid":{"rendered":"https:\/\/www.radiomarket.fi\/tuote\/ekua8203-sharp-tv-text-remote-control\/"},"modified":"2024-07-15T19:54:46","modified_gmt":"2024-07-15T16:54:46","slug":"ekua8203-sharp-tv-text-remote-control","status":"publish","type":"product","link":"https:\/\/www.radiomarket.fi\/en\/kohde\/ekua8203-sharp-tv-text-remote-control\/","title":{"rendered":"EKUA8203 Sharp G1060SA TV\/Text Remote Control (EKUS)"},"content":{"rendered":"<p>Harmaa muovinen kuori, kumiset painikkeet. K\u00e4ytt\u00e4\u00e4 2x AA paristoja. Paristokotelon kantta ei n\u00e4y kuvissa, liek\u00f6 tallessa?<\/p>","protected":false},"excerpt":{"rendered":"<p>Harmaa muovinen kuori, kumiset painikkeet. K\u00e4ytt\u00e4\u00e4 2x AA paristoja. Paristokotelon kantta ei n\u00e4y kuvissa, liek\u00f6 tallessa?<\/p>","protected":false},"featured_media":10573,"template":"","meta":[],"_links":{"self":[{"href":"https:\/\/www.radiomarket.fi\/en\/wp-json\/wp\/v2\/product\/21465"}],"collection":[{"href":"https:\/\/www.radiomarket.fi\/en\/wp-json\/wp\/v2\/product"}],"about":[{"href":"https:\/\/www.radiomarket.fi\/en\/wp-json\/wp\/v2\/types\/product"}],"wp:featuredmedia":[{"embeddable":true,"href":"https:\/\/www.radiomarket.fi\/en\/wp-json\/wp\/v2\/media\/10573"}],"wp:attachment":[{"href":"https:\/\/www.radiomarket.fi\/en\/wp-json\/wp\/v2\/media?parent=21465"}],"curies":[{"name":"wp","href":"https:\/\/api.w.org\/{rel}","templated":true}]}}