{"id":21480,"date":"2020-10-05T11:20:05","date_gmt":"2020-10-05T08:20:05","guid":{"rendered":"https:\/\/www.radiomarket.fi\/tuote\/ekua8185-tuntematon-50-75\/"},"modified":"2021-02-20T11:23:54","modified_gmt":"2021-02-20T09:23:54","slug":"ekua8185-tuntematon-50-75","status":"publish","type":"product","link":"https:\/\/www.radiomarket.fi\/en\/kohde\/ekua8185-tuntematon-50-75\/","title":{"rendered":"EKUA8185 Tuntematon 50 75"},"content":{"rendered":"Vaihtokelasarja s\u00e4\u00e4t\u00f6jaloin, kelat 1 tappi &#8211; 1 holkki-mallia","protected":false},"excerpt":{"rendered":"<p>Vaihtokelasarja s\u00e4\u00e4t\u00f6jaloin, kelat 1 tappi &#8211; 1 holkki-mallia<\/p>","protected":false},"featured_media":10541,"template":"","meta":[],"_links":{"self":[{"href":"https:\/\/www.radiomarket.fi\/en\/wp-json\/wp\/v2\/product\/21480"}],"collection":[{"href":"https:\/\/www.radiomarket.fi\/en\/wp-json\/wp\/v2\/product"}],"about":[{"href":"https:\/\/www.radiomarket.fi\/en\/wp-json\/wp\/v2\/types\/product"}],"wp:featuredmedia":[{"embeddable":true,"href":"https:\/\/www.radiomarket.fi\/en\/wp-json\/wp\/v2\/media\/10541"}],"wp:attachment":[{"href":"https:\/\/www.radiomarket.fi\/en\/wp-json\/wp\/v2\/media?parent=21480"}],"curies":[{"name":"wp","href":"https:\/\/api.w.org\/{rel}","templated":true}]}}