{"id":21498,"date":"2020-10-05T11:20:14","date_gmt":"2020-10-05T08:20:14","guid":{"rendered":"https:\/\/www.radiomarket.fi\/tuote\/ekua8159-panasonic-nv-777\/"},"modified":"2020-10-05T11:20:14","modified_gmt":"2020-10-05T08:20:14","slug":"ekua8159-panasonic-nv-777","status":"publish","type":"product","link":"https:\/\/www.radiomarket.fi\/en\/kohde\/ekua8159-panasonic-nv-777\/","title":{"rendered":"EKUA8159 Panasonic NV-777"},"content":{"rendered":"Puuttuu yksi n\u00e4pp\u00e4in ja oikeasta alakulmasta luukku.","protected":false},"excerpt":{"rendered":"<p>Puuttuu yksi n\u00e4pp\u00e4in ja oikeasta alakulmasta luukku.<\/p>","protected":false},"featured_media":10505,"template":"","meta":[],"_links":{"self":[{"href":"https:\/\/www.radiomarket.fi\/en\/wp-json\/wp\/v2\/product\/21498"}],"collection":[{"href":"https:\/\/www.radiomarket.fi\/en\/wp-json\/wp\/v2\/product"}],"about":[{"href":"https:\/\/www.radiomarket.fi\/en\/wp-json\/wp\/v2\/types\/product"}],"wp:featuredmedia":[{"embeddable":true,"href":"https:\/\/www.radiomarket.fi\/en\/wp-json\/wp\/v2\/media\/10505"}],"wp:attachment":[{"href":"https:\/\/www.radiomarket.fi\/en\/wp-json\/wp\/v2\/media?parent=21498"}],"curies":[{"name":"wp","href":"https:\/\/api.w.org\/{rel}","templated":true}]}}