{"id":21509,"date":"2020-10-05T11:20:19","date_gmt":"2020-10-05T08:20:19","guid":{"rendered":"https:\/\/www.radiomarket.fi\/tuote\/ekua8053-omavalmiste-mittalaite\/"},"modified":"2023-05-04T11:07:56","modified_gmt":"2023-05-04T08:07:56","slug":"ekua8053-omavalmiste-mittalaite","status":"publish","type":"product","link":"https:\/\/www.radiomarket.fi\/en\/kohde\/ekua8053-omavalmiste-mittalaite\/","title":{"rendered":"EKUA8053 Omavalmiste 75 ohmin SWR-mittari (EKUS)"},"content":{"rendered":"<p>Itse kasattu? Asteikossa pime\u00e4ss\u00e4 hehkuvia fosforipisteit\u00e4.<\/p>","protected":false},"excerpt":{"rendered":"<p>Itse kasattu? Asteikossa pime\u00e4ss\u00e4 hehkuvia fosforipisteit\u00e4.<\/p>","protected":false},"featured_media":10480,"template":"","meta":[],"_links":{"self":[{"href":"https:\/\/www.radiomarket.fi\/en\/wp-json\/wp\/v2\/product\/21509"}],"collection":[{"href":"https:\/\/www.radiomarket.fi\/en\/wp-json\/wp\/v2\/product"}],"about":[{"href":"https:\/\/www.radiomarket.fi\/en\/wp-json\/wp\/v2\/types\/product"}],"wp:featuredmedia":[{"embeddable":true,"href":"https:\/\/www.radiomarket.fi\/en\/wp-json\/wp\/v2\/media\/10480"}],"wp:attachment":[{"href":"https:\/\/www.radiomarket.fi\/en\/wp-json\/wp\/v2\/media?parent=21509"}],"curies":[{"name":"wp","href":"https:\/\/api.w.org\/{rel}","templated":true}]}}