{"id":21552,"date":"2023-10-11T16:20:42","date_gmt":"2023-10-11T13:20:42","guid":{"rendered":"https:\/\/www.radiomarket.fi\/tuote\/ekua7938-willy-muller-co-k-g-munchen-2-alibiphon\/"},"modified":"2023-10-11T14:24:52","modified_gmt":"2023-10-11T11:24:52","slug":"ekua7938-willy-muller-co-k-g-munchen-2-alibiphon","status":"publish","type":"product","link":"https:\/\/www.radiomarket.fi\/en\/kohde\/ekua7938-willy-muller-co-k-g-munchen-2-alibiphon\/","title":{"rendered":"EKUA7938 Willy M\u00fcller &amp; Co. &#8211; K. G. M\u00fcnchen 2 Alibiphon (EKUM)"},"content":{"rendered":"<p>P\u00e4\u00e4ll\u00e4 naarmuja, likaa, kulumaa ja kellastumaa. Ei tutkittu tarkemmin.<\/p>","protected":false},"excerpt":{"rendered":"<p>P\u00e4\u00e4ll\u00e4 naarmuja, likaa, kulumaa ja kellastumaa. Ei tutkittu tarkemmin.<\/p>","protected":false},"featured_media":10314,"template":"","meta":[],"_links":{"self":[{"href":"https:\/\/www.radiomarket.fi\/en\/wp-json\/wp\/v2\/product\/21552"}],"collection":[{"href":"https:\/\/www.radiomarket.fi\/en\/wp-json\/wp\/v2\/product"}],"about":[{"href":"https:\/\/www.radiomarket.fi\/en\/wp-json\/wp\/v2\/types\/product"}],"wp:featuredmedia":[{"embeddable":true,"href":"https:\/\/www.radiomarket.fi\/en\/wp-json\/wp\/v2\/media\/10314"}],"wp:attachment":[{"href":"https:\/\/www.radiomarket.fi\/en\/wp-json\/wp\/v2\/media?parent=21552"}],"curies":[{"name":"wp","href":"https:\/\/api.w.org\/{rel}","templated":true}]}}