{"id":21558,"date":"2024-10-26T11:20:45","date_gmt":"2024-10-26T08:20:45","guid":{"rendered":"https:\/\/www.radiomarket.fi\/tuote\/ekua7932x-tuntematon-kahdeksanraitainen-kasetti\/"},"modified":"2025-04-01T16:18:23","modified_gmt":"2025-04-01T13:18:23","slug":"ekua7932x-tuntematon-kahdeksanraitainen-kasetti","status":"publish","type":"product","link":"https:\/\/www.radiomarket.fi\/en\/kohde\/ekua7932x-tuntematon-kahdeksanraitainen-kasetti\/","title":{"rendered":"EKUA7932x Kahdeksanraitainen kasetti erilaisia (EKUM\/EKUB)"},"content":{"rendered":"<p>Erilaisia, kerro tilatessasi mink\u00e4 seuraavista haluat: <br \/>-Isojen poikien lauluja <br \/>-Hits From Hello Dolly Funny Girl (Broadway Pops Orchestra) <br \/>-Rock&#8217;n&#8217;roll Guitar (the Rhythm Rockers) <br \/>-Ella Fitzgerald (Misty Blue) <br \/>-James Bond Theme, Walk &#8211; Don&#8217;t Run, House of the Rising Sun, Hard Days Night, Girl from Ipanema, 007 Theme, Memphis jne. <br \/>-Spilt Milk (Laurie Styvers) <br \/>-Essence to Essence (Donovan) <br \/>-Merit Hemmingson: Huvva!<br \/>-Det b\u00e4sta fr\u00e5n Svensktoppen <br \/>-This is Quadraphonic Sound <br \/>-Another Time Another Place (Engelbert Humperdinck) <br \/>-Spede &amp; G. Pula-Aho (Kuoppam\u00e4ki) <br \/>-De b\u00e4sta med Hootenanny Singers och Bj\u00f6rn Ulvaeus <br \/>-yksi etiketit\u00f6n johon kirjoitettu nimi\u00e4 tussilla.<br \/>-Ekkofon CSF1 <strong>MYYTY<\/strong><br \/><br \/>Hakusanat: Kasiraita, cartridge, 8-track. Useita valmistajia. Ei tutkittu tarkemmin. Joissain on silminn\u00e4hden vikoja ja muoviosasta puuttuu paloja, pyynn\u00f6st\u00e4 tarkistetaan silm\u00e4m\u00e4\u00e4r\u00e4inen kunto.<\/p>","protected":false},"excerpt":{"rendered":"<p>Kirjetoimitustuotteita kannattaa tilata kerralla useampiakin, lis\u00e4tuote nostaa postikuluja vain noin 10 snt\/tuote 10\/2024 tilanteen mukaan.<\/p>","protected":false},"featured_media":10300,"template":"","meta":[],"_links":{"self":[{"href":"https:\/\/www.radiomarket.fi\/en\/wp-json\/wp\/v2\/product\/21558"}],"collection":[{"href":"https:\/\/www.radiomarket.fi\/en\/wp-json\/wp\/v2\/product"}],"about":[{"href":"https:\/\/www.radiomarket.fi\/en\/wp-json\/wp\/v2\/types\/product"}],"wp:featuredmedia":[{"embeddable":true,"href":"https:\/\/www.radiomarket.fi\/en\/wp-json\/wp\/v2\/media\/10300"}],"wp:attachment":[{"href":"https:\/\/www.radiomarket.fi\/en\/wp-json\/wp\/v2\/media?parent=21558"}],"curies":[{"name":"wp","href":"https:\/\/api.w.org\/{rel}","templated":true}]}}