{"id":21600,"date":"2020-10-05T11:21:05","date_gmt":"2020-10-05T08:21:05","guid":{"rendered":"https:\/\/www.radiomarket.fi\/tuote\/ekua7893-ericsson-dahh1351\/"},"modified":"2024-02-09T07:29:26","modified_gmt":"2024-02-09T05:29:26","slug":"ekua7893-ericsson-dahh1351","status":"publish","type":"product","link":"https:\/\/www.radiomarket.fi\/en\/kohde\/ekua7893-ericsson-dahh1351\/","title":{"rendered":"EKUA7893 Ericsson DAHH1351"},"content":{"rendered":"K\u00e4ytt\u00e4m\u00e4t\u00f6n. Pohjassa viestivarikon tarra.","protected":false},"excerpt":{"rendered":"<p>K\u00e4ytt\u00e4m\u00e4t\u00f6n. Pohjassa viestivarikon tarra.<\/p>","protected":false},"featured_media":10202,"template":"","meta":[],"_links":{"self":[{"href":"https:\/\/www.radiomarket.fi\/en\/wp-json\/wp\/v2\/product\/21600"}],"collection":[{"href":"https:\/\/www.radiomarket.fi\/en\/wp-json\/wp\/v2\/product"}],"about":[{"href":"https:\/\/www.radiomarket.fi\/en\/wp-json\/wp\/v2\/types\/product"}],"wp:featuredmedia":[{"embeddable":true,"href":"https:\/\/www.radiomarket.fi\/en\/wp-json\/wp\/v2\/media\/10202"}],"wp:attachment":[{"href":"https:\/\/www.radiomarket.fi\/en\/wp-json\/wp\/v2\/media?parent=21600"}],"curies":[{"name":"wp","href":"https:\/\/api.w.org\/{rel}","templated":true}]}}