{"id":21654,"date":"2020-10-05T11:21:37","date_gmt":"2020-10-05T08:21:37","guid":{"rendered":"https:\/\/www.radiomarket.fi\/tuote\/ekua7816-clarion-rn-5002h\/"},"modified":"2025-03-11T11:15:31","modified_gmt":"2025-03-11T09:15:31","slug":"ekua7816-clarion-rn-5002h","status":"publish","type":"product","link":"https:\/\/www.radiomarket.fi\/en\/kohde\/ekua7816-clarion-rn-5002h\/","title":{"rendered":"EKUA7816 Clarion RN-5002H"},"content":{"rendered":"<p>N\u00e4ytt\u00e4\u00e4 siistilt\u00e4.<br \/><br \/>Suzukin ja Nissanin alkuper\u00e4isradio.<\/p>","protected":false},"excerpt":{"rendered":"<p>N\u00e4ytt\u00e4\u00e4 siistilt\u00e4.Suzukin ja Nissanin alkuper\u00e4isradio.<\/p>","protected":false},"featured_media":9966,"template":"","meta":[],"_links":{"self":[{"href":"https:\/\/www.radiomarket.fi\/en\/wp-json\/wp\/v2\/product\/21654"}],"collection":[{"href":"https:\/\/www.radiomarket.fi\/en\/wp-json\/wp\/v2\/product"}],"about":[{"href":"https:\/\/www.radiomarket.fi\/en\/wp-json\/wp\/v2\/types\/product"}],"wp:featuredmedia":[{"embeddable":true,"href":"https:\/\/www.radiomarket.fi\/en\/wp-json\/wp\/v2\/media\/9966"}],"wp:attachment":[{"href":"https:\/\/www.radiomarket.fi\/en\/wp-json\/wp\/v2\/media?parent=21654"}],"curies":[{"name":"wp","href":"https:\/\/api.w.org\/{rel}","templated":true}]}}