{"id":21655,"date":"2020-10-05T11:21:37","date_gmt":"2020-10-05T08:21:37","guid":{"rendered":"https:\/\/www.radiomarket.fi\/tuote\/ekua7815-blaupunkt-porto-21\/"},"modified":"2022-07-23T12:57:36","modified_gmt":"2022-07-23T09:57:36","slug":"ekua7815-blaupunkt-porto-21","status":"publish","type":"product","link":"https:\/\/www.radiomarket.fi\/en\/kohde\/ekua7815-blaupunkt-porto-21\/","title":{"rendered":"EKUA7815 (EKUM) Blaupunkt Porto 21"},"content":{"rendered":"<p>Nupit puuttuu, muuten n\u00e4ytt\u00e4\u00e4 t\u00e4ydelliselt\u00e4.<\/p>","protected":false},"excerpt":{"rendered":"<p>Nupit puuttuu, muuten n\u00e4ytt\u00e4\u00e4 t\u00e4ydelliselt\u00e4.<\/p>","protected":false},"featured_media":9962,"template":"","meta":[],"_links":{"self":[{"href":"https:\/\/www.radiomarket.fi\/en\/wp-json\/wp\/v2\/product\/21655"}],"collection":[{"href":"https:\/\/www.radiomarket.fi\/en\/wp-json\/wp\/v2\/product"}],"about":[{"href":"https:\/\/www.radiomarket.fi\/en\/wp-json\/wp\/v2\/types\/product"}],"wp:featuredmedia":[{"embeddable":true,"href":"https:\/\/www.radiomarket.fi\/en\/wp-json\/wp\/v2\/media\/9962"}],"wp:attachment":[{"href":"https:\/\/www.radiomarket.fi\/en\/wp-json\/wp\/v2\/media?parent=21655"}],"curies":[{"name":"wp","href":"https:\/\/api.w.org\/{rel}","templated":true}]}}