{"id":21658,"date":"2024-09-29T11:21:40","date_gmt":"2024-09-29T08:21:40","guid":{"rendered":"https:\/\/www.radiomarket.fi\/tuote\/ekua7812-tuntematon-apuvastaanottimen-osia\/"},"modified":"2024-09-29T19:33:52","modified_gmt":"2024-09-29T16:33:52","slug":"ekua7812-tuntematon-apuvastaanottimen-osia","status":"publish","type":"product","link":"https:\/\/www.radiomarket.fi\/en\/kohde\/ekua7812-tuntematon-apuvastaanottimen-osia\/","title":{"rendered":"EKUA7812 Neuvostoliittolaisen vastaanottimen varaosia NOS (EKUB)"},"content":{"rendered":"<p>Nuppi ja asteikkolasi Omega R-311 vastaanottimen? Pyynn\u00f6st\u00e4 lis\u00e4kuvia ja mittoja eri kohteista. Tilatessasi kerro mink\u00e4 komponentin haluat ostaa.<\/p>","protected":false},"excerpt":{"rendered":"<p>Kirjetoimitustuotteita kannattaa tilata kerralla useampiakin, lis\u00e4tuote nostaa postikuluja vain noin 10 snt\/tuote 9\/2024 tilanteen mukaan.<\/p>","protected":false},"featured_media":9948,"template":"","meta":[],"_links":{"self":[{"href":"https:\/\/www.radiomarket.fi\/en\/wp-json\/wp\/v2\/product\/21658"}],"collection":[{"href":"https:\/\/www.radiomarket.fi\/en\/wp-json\/wp\/v2\/product"}],"about":[{"href":"https:\/\/www.radiomarket.fi\/en\/wp-json\/wp\/v2\/types\/product"}],"wp:featuredmedia":[{"embeddable":true,"href":"https:\/\/www.radiomarket.fi\/en\/wp-json\/wp\/v2\/media\/9948"}],"wp:attachment":[{"href":"https:\/\/www.radiomarket.fi\/en\/wp-json\/wp\/v2\/media?parent=21658"}],"curies":[{"name":"wp","href":"https:\/\/api.w.org\/{rel}","templated":true}]}}