{"id":21675,"date":"2026-04-12T11:21:51","date_gmt":"2026-04-12T08:21:51","guid":{"rendered":"https:\/\/www.radiomarket.fi\/tuote\/ekua7792-ericsson-multi-4221\/"},"modified":"2026-04-12T12:04:57","modified_gmt":"2026-04-12T09:04:57","slug":"ekua7792-ericsson-multi-4221","status":"publish","type":"product","link":"https:\/\/www.radiomarket.fi\/en\/kohde\/ekua7792-ericsson-multi-4221\/","title":{"rendered":"EKUA7792 Ericsson Multi 4221 lataustelakka (EKUM)"},"content":{"rendered":"<p>K\u00e4ytettyj\u00e4 Ericsson lataustelineit\u00e4. Hinta kappaleelta. Ei tutkittu tarkemmin.<\/p>","protected":false},"excerpt":{"rendered":"<p>K\u00e4ytettyj\u00e4 Ericsson lataustelineit\u00e4. Hinta kappaleelta. Ei tutkittu tarkemmin.<\/p>","protected":false},"featured_media":9861,"template":"","meta":[],"_links":{"self":[{"href":"https:\/\/www.radiomarket.fi\/en\/wp-json\/wp\/v2\/product\/21675"}],"collection":[{"href":"https:\/\/www.radiomarket.fi\/en\/wp-json\/wp\/v2\/product"}],"about":[{"href":"https:\/\/www.radiomarket.fi\/en\/wp-json\/wp\/v2\/types\/product"}],"wp:featuredmedia":[{"embeddable":true,"href":"https:\/\/www.radiomarket.fi\/en\/wp-json\/wp\/v2\/media\/9861"}],"wp:attachment":[{"href":"https:\/\/www.radiomarket.fi\/en\/wp-json\/wp\/v2\/media?parent=21675"}],"curies":[{"name":"wp","href":"https:\/\/api.w.org\/{rel}","templated":true}]}}