{"id":21702,"date":"2020-10-05T11:22:08","date_gmt":"2020-10-05T08:22:08","guid":{"rendered":"https:\/\/www.radiomarket.fi\/tuote\/ekua7762-nokia-nmp-hfj-2\/"},"modified":"2020-10-05T11:22:08","modified_gmt":"2020-10-05T08:22:08","slug":"ekua7762-nokia-nmp-hfj-2","status":"publish","type":"product","link":"https:\/\/www.radiomarket.fi\/en\/kohde\/ekua7762-nokia-nmp-hfj-2\/","title":{"rendered":"EKUA7762 Nokia NMP HFJ-2"},"content":{"rendered":"K\u00e4ytt\u00e4m\u00e4t\u00f6n. \u00c4ltere Freisprecheinrichtung NMP Type HFJ-2 f\u00fcr Nokia.","protected":false},"excerpt":{"rendered":"<p>K\u00e4ytt\u00e4m\u00e4t\u00f6n. \u00c4ltere Freisprecheinrichtung NMP Type HFJ-2 f\u00fcr Nokia.<\/p>","protected":false},"featured_media":9741,"template":"","meta":[],"_links":{"self":[{"href":"https:\/\/www.radiomarket.fi\/en\/wp-json\/wp\/v2\/product\/21702"}],"collection":[{"href":"https:\/\/www.radiomarket.fi\/en\/wp-json\/wp\/v2\/product"}],"about":[{"href":"https:\/\/www.radiomarket.fi\/en\/wp-json\/wp\/v2\/types\/product"}],"wp:featuredmedia":[{"embeddable":true,"href":"https:\/\/www.radiomarket.fi\/en\/wp-json\/wp\/v2\/media\/9741"}],"wp:attachment":[{"href":"https:\/\/www.radiomarket.fi\/en\/wp-json\/wp\/v2\/media?parent=21702"}],"curies":[{"name":"wp","href":"https:\/\/api.w.org\/{rel}","templated":true}]}}