{"id":21707,"date":"2020-10-05T11:22:14","date_gmt":"2020-10-05T08:22:14","guid":{"rendered":"https:\/\/www.radiomarket.fi\/tuote\/ekua7758-fenno-seura-48v\/"},"modified":"2020-10-05T11:22:14","modified_gmt":"2020-10-05T08:22:14","slug":"ekua7758-fenno-seura-48v","status":"publish","type":"product","link":"https:\/\/www.radiomarket.fi\/en\/kohde\/ekua7758-fenno-seura-48v\/","title":{"rendered":"EKUA7758 Fenno Seura-48V"},"content":{"rendered":"Kova\u00e4\u00e4ninen puuttuu, lasi huono, p\u00e4\u00e4tynuppi v\u00e4\u00e4r\u00e4, kohtalaiset kuoret","protected":false},"excerpt":{"rendered":"<p>Kova\u00e4\u00e4ninen puuttuu, lasi huono, p\u00e4\u00e4tynuppi v\u00e4\u00e4r\u00e4, kohtalaiset kuoret<\/p>","protected":false},"featured_media":9707,"template":"","meta":[],"_links":{"self":[{"href":"https:\/\/www.radiomarket.fi\/en\/wp-json\/wp\/v2\/product\/21707"}],"collection":[{"href":"https:\/\/www.radiomarket.fi\/en\/wp-json\/wp\/v2\/product"}],"about":[{"href":"https:\/\/www.radiomarket.fi\/en\/wp-json\/wp\/v2\/types\/product"}],"wp:featuredmedia":[{"embeddable":true,"href":"https:\/\/www.radiomarket.fi\/en\/wp-json\/wp\/v2\/media\/9707"}],"wp:attachment":[{"href":"https:\/\/www.radiomarket.fi\/en\/wp-json\/wp\/v2\/media?parent=21707"}],"curies":[{"name":"wp","href":"https:\/\/api.w.org\/{rel}","templated":true}]}}