{"id":21732,"date":"2020-10-05T11:22:27","date_gmt":"2020-10-05T08:22:27","guid":{"rendered":"https:\/\/www.radiomarket.fi\/tuote\/ekua7732-tuntematon-metallimerkki\/"},"modified":"2020-10-05T11:22:27","modified_gmt":"2020-10-05T08:22:27","slug":"ekua7732-tuntematon-metallimerkki","status":"publish","type":"product","link":"https:\/\/www.radiomarket.fi\/en\/kohde\/ekua7732-tuntematon-metallimerkki\/","title":{"rendered":"EKUA7732 Tuntematon Metallimerkki"},"content":{"rendered":"Puhelimen luurin siluetin muotoinen metallikappale, jossa k\u00e4\u00e4nt\u00f6puolella piikit kiinnityst\u00e4 varten. Liittynee puhelinkioskeihin\/ koppeihin.","protected":false},"excerpt":{"rendered":"<p>Puhelimen luurin siluetin muotoinen metallikappale, jossa k\u00e4\u00e4nt\u00f6puolella piikit kiinnityst\u00e4 varten. Liittynee puhelinkioskeihin\/ koppeihin.<\/p>","protected":false},"featured_media":9617,"template":"","meta":[],"_links":{"self":[{"href":"https:\/\/www.radiomarket.fi\/en\/wp-json\/wp\/v2\/product\/21732"}],"collection":[{"href":"https:\/\/www.radiomarket.fi\/en\/wp-json\/wp\/v2\/product"}],"about":[{"href":"https:\/\/www.radiomarket.fi\/en\/wp-json\/wp\/v2\/types\/product"}],"wp:featuredmedia":[{"embeddable":true,"href":"https:\/\/www.radiomarket.fi\/en\/wp-json\/wp\/v2\/media\/9617"}],"wp:attachment":[{"href":"https:\/\/www.radiomarket.fi\/en\/wp-json\/wp\/v2\/media?parent=21732"}],"curies":[{"name":"wp","href":"https:\/\/api.w.org\/{rel}","templated":true}]}}