{"id":21746,"date":"2020-10-05T11:22:35","date_gmt":"2020-10-05T08:22:35","guid":{"rendered":"https:\/\/www.radiomarket.fi\/tuote\/ekua7709-parsons-half-moon\/"},"modified":"2021-12-30T05:53:23","modified_gmt":"2021-12-30T03:53:23","slug":"ekua7709-parsons-half-moon","status":"publish","type":"product","link":"https:\/\/www.radiomarket.fi\/en\/kohde\/ekua7709-parsons-half-moon\/","title":{"rendered":"EKUA7709 Parsons Int. Italia Half Moon Radio (EKUM)"},"content":{"rendered":"<p>Puolikuun muotoinen laite, 180-asteinen kompassiasteikko.<br \/><br \/>Radio toimii 6 voltin verkkolaitteella (ei testattu) ja nelj\u00e4ll\u00e4 AA-paristolla (joilla testattu. Paristot tai verkkolaite eiv\u00e4t sis\u00e4lly kauppaan. \u00c4\u00e4nenlaatu on hieman bassoinen, eik\u00e4 vastaanottimen herkkyys ole kovin kummoinen. Tosin mink\u00e4\u00e4nlaista ulkoista antenniahan t\u00e4ss\u00e4 ei n\u00e4yt\u00e4 olevan, eik\u00e4 edes mahdollisuutta liitt\u00e4\u00e4.<br \/><br \/>Kasari-italodesignia parhaimmillaan. Elton Johnin I\u2019m Still Standing (1983) kuulostaa t\u00e4ll\u00e4 kuunneltuna kaksi kertaa paremmalta!<\/p>","protected":false},"excerpt":{"rendered":"<p>Puolikuun muotoinen laite, 180-asteinen kompassiasteikko.Radio toimii 6 voltin verkkolaitteella (ei testattu) ja nelj\u00e4ll\u00e4 AA-paristolla (joilla testattu. Paristot tai verkkolaite eiv\u00e4t sis\u00e4lly kauppaan. \u00c4\u00e4nenlaatu on hieman bassoinen, eik\u00e4 vastaanottimen herkkyys ole kovin kummoinen. Tosin mink\u00e4\u00e4nlaista ulkoista antenniahan t\u00e4ss\u00e4 ei n\u00e4yt\u00e4 olevan, eik\u00e4 edes mahdollisuutta liitt\u00e4\u00e4.Kasari-italodesignia parhaimmillaan. Elton Johnin I\u2019m Still Standing (1983) kuulostaa t\u00e4ll\u00e4 kuunneltuna kaksi &hellip;<\/p>\n<p class=\"read-more\"> <a class=\"thunk-readmore button\" href=\"https:\/\/www.radiomarket.fi\/en\/kohde\/ekua7709-parsons-half-moon\/\"> <span class=\"screen-reader-text\">EKUA7709 Parsons Int. Italia Half Moon Radio (EKUM)<\/span>Read More<\/a><\/p>","protected":false},"featured_media":9550,"template":"","meta":[],"_links":{"self":[{"href":"https:\/\/www.radiomarket.fi\/en\/wp-json\/wp\/v2\/product\/21746"}],"collection":[{"href":"https:\/\/www.radiomarket.fi\/en\/wp-json\/wp\/v2\/product"}],"about":[{"href":"https:\/\/www.radiomarket.fi\/en\/wp-json\/wp\/v2\/types\/product"}],"wp:featuredmedia":[{"embeddable":true,"href":"https:\/\/www.radiomarket.fi\/en\/wp-json\/wp\/v2\/media\/9550"}],"wp:attachment":[{"href":"https:\/\/www.radiomarket.fi\/en\/wp-json\/wp\/v2\/media?parent=21746"}],"curies":[{"name":"wp","href":"https:\/\/api.w.org\/{rel}","templated":true}]}}