{"id":21777,"date":"2020-10-05T11:22:50","date_gmt":"2020-10-05T08:22:50","guid":{"rendered":"https:\/\/www.radiomarket.fi\/tuote\/ekua7674-omavalmiste-antenniviritin\/"},"modified":"2022-05-28T18:45:57","modified_gmt":"2022-05-28T15:45:57","slug":"ekua7674-omavalmiste-antenniviritin","status":"publish","type":"product","link":"https:\/\/www.radiomarket.fi\/en\/kohde\/ekua7674-omavalmiste-antenniviritin\/","title":{"rendered":"EKUA7674 Omavalmiste Antenniviritin? (EKUM)"},"content":{"rendered":"<p>Omatekoinen. Kaksi s\u00e4\u00e4t\u00f6kondensaattoria ja nuppeja. Osien hinnalla. Nokkanuppi purettu.<\/p>","protected":false},"excerpt":{"rendered":"<p>Omatekoinen. Kaksi s\u00e4\u00e4t\u00f6kondensaattoria ja nuppeja. Osien hinnalla. Nokkanuppi purettu.<\/p>","protected":false},"featured_media":9479,"template":"","meta":[],"_links":{"self":[{"href":"https:\/\/www.radiomarket.fi\/en\/wp-json\/wp\/v2\/product\/21777"}],"collection":[{"href":"https:\/\/www.radiomarket.fi\/en\/wp-json\/wp\/v2\/product"}],"about":[{"href":"https:\/\/www.radiomarket.fi\/en\/wp-json\/wp\/v2\/types\/product"}],"wp:featuredmedia":[{"embeddable":true,"href":"https:\/\/www.radiomarket.fi\/en\/wp-json\/wp\/v2\/media\/9479"}],"wp:attachment":[{"href":"https:\/\/www.radiomarket.fi\/en\/wp-json\/wp\/v2\/media?parent=21777"}],"curies":[{"name":"wp","href":"https:\/\/api.w.org\/{rel}","templated":true}]}}