{"id":21782,"date":"2020-10-05T11:22:53","date_gmt":"2020-10-05T08:22:53","guid":{"rendered":"https:\/\/www.radiomarket.fi\/tuote\/ekua7669-tuntematon-tf-uk1\/"},"modified":"2020-10-05T11:22:53","modified_gmt":"2020-10-05T08:22:53","slug":"ekua7669-tuntematon-tf-uk1","status":"publish","type":"product","link":"https:\/\/www.radiomarket.fi\/en\/kohde\/ekua7669-tuntematon-tf-uk1\/","title":{"rendered":"EKUA7669 Tuntematon TF-UK1"},"content":{"rendered":"K\u00e4ytt\u00e4m\u00e4t\u00f6n?","protected":false},"excerpt":{"rendered":"<p>K\u00e4ytt\u00e4m\u00e4t\u00f6n?<\/p>","protected":false},"featured_media":9461,"template":"","meta":[],"_links":{"self":[{"href":"https:\/\/www.radiomarket.fi\/en\/wp-json\/wp\/v2\/product\/21782"}],"collection":[{"href":"https:\/\/www.radiomarket.fi\/en\/wp-json\/wp\/v2\/product"}],"about":[{"href":"https:\/\/www.radiomarket.fi\/en\/wp-json\/wp\/v2\/types\/product"}],"wp:featuredmedia":[{"embeddable":true,"href":"https:\/\/www.radiomarket.fi\/en\/wp-json\/wp\/v2\/media\/9461"}],"wp:attachment":[{"href":"https:\/\/www.radiomarket.fi\/en\/wp-json\/wp\/v2\/media?parent=21782"}],"curies":[{"name":"wp","href":"https:\/\/api.w.org\/{rel}","templated":true}]}}