{"id":21797,"date":"2020-10-05T11:23:01","date_gmt":"2020-10-05T08:23:01","guid":{"rendered":"https:\/\/www.radiomarket.fi\/tuote\/ekua7654-panasonic-kx-a114ce\/"},"modified":"2020-10-05T11:23:01","modified_gmt":"2020-10-05T08:23:01","slug":"ekua7654-panasonic-kx-a114ce","status":"publish","type":"product","link":"https:\/\/www.radiomarket.fi\/en\/kohde\/ekua7654-panasonic-kx-a114ce\/","title":{"rendered":"EKUA7654 Panasonic KX-A114CE"},"content":{"rendered":"Setiss\u00e4 lataysteline ja laturi sek\u00e4 k\u00e4ytt\u00f6ohje.","protected":false},"excerpt":{"rendered":"<p>Setiss\u00e4 lataysteline ja laturi sek\u00e4 k\u00e4ytt\u00f6ohje.<\/p>","protected":false},"featured_media":9415,"template":"","meta":[],"_links":{"self":[{"href":"https:\/\/www.radiomarket.fi\/en\/wp-json\/wp\/v2\/product\/21797"}],"collection":[{"href":"https:\/\/www.radiomarket.fi\/en\/wp-json\/wp\/v2\/product"}],"about":[{"href":"https:\/\/www.radiomarket.fi\/en\/wp-json\/wp\/v2\/types\/product"}],"wp:featuredmedia":[{"embeddable":true,"href":"https:\/\/www.radiomarket.fi\/en\/wp-json\/wp\/v2\/media\/9415"}],"wp:attachment":[{"href":"https:\/\/www.radiomarket.fi\/en\/wp-json\/wp\/v2\/media?parent=21797"}],"curies":[{"name":"wp","href":"https:\/\/api.w.org\/{rel}","templated":true}]}}