{"id":21808,"date":"2020-10-05T11:23:06","date_gmt":"2020-10-05T08:23:06","guid":{"rendered":"https:\/\/www.radiomarket.fi\/tuote\/ekua7639-panasonic-kaukosaadin\/"},"modified":"2023-01-10T13:07:34","modified_gmt":"2023-01-10T11:07:34","slug":"ekua7639-panasonic-kaukosaadin","status":"publish","type":"product","link":"https:\/\/www.radiomarket.fi\/en\/kohde\/ekua7639-panasonic-kaukosaadin\/","title":{"rendered":"EKUA7639 Panasonic Kaukos\u00e4\u00e4din"},"content":{"rendered":"<p>Digital scanner, n\u00e4ytt\u00f6kansi puuttuu<\/p>","protected":false},"excerpt":{"rendered":"<p>Digital scanner, n\u00e4ytt\u00f6kansi puuttuu<\/p>","protected":false},"featured_media":9381,"template":"","meta":[],"_links":{"self":[{"href":"https:\/\/www.radiomarket.fi\/en\/wp-json\/wp\/v2\/product\/21808"}],"collection":[{"href":"https:\/\/www.radiomarket.fi\/en\/wp-json\/wp\/v2\/product"}],"about":[{"href":"https:\/\/www.radiomarket.fi\/en\/wp-json\/wp\/v2\/types\/product"}],"wp:featuredmedia":[{"embeddable":true,"href":"https:\/\/www.radiomarket.fi\/en\/wp-json\/wp\/v2\/media\/9381"}],"wp:attachment":[{"href":"https:\/\/www.radiomarket.fi\/en\/wp-json\/wp\/v2\/media?parent=21808"}],"curies":[{"name":"wp","href":"https:\/\/api.w.org\/{rel}","templated":true}]}}